{"id":855,"date":"2021-11-26T11:03:22","date_gmt":"2021-11-26T14:03:22","guid":{"rendered":"https:\/\/labs.sheiksites.com\/lojapro\/?post_type=product&#038;p=855"},"modified":"2021-11-26T16:04:40","modified_gmt":"2021-11-26T19:04:40","slug":"bata-masculina-manga-longa-comfort-fit-flame-leve-branco","status":"publish","type":"product","link":"https:\/\/labs.sheiksites.com\/lojapro\/produto\/bata-masculina-manga-longa-comfort-fit-flame-leve-branco\/","title":{"rendered":"BATA MASCULINA MANGA LONGA COMFORT FIT FLAM\u00ca LEVE BRANCO."},"content":{"rendered":"<div class=\"description\">Bata manga longa modelagem COMFORT FIT, mais reta e soltinha. Puro algod\u00e3o fio 60. Confeccionada em tecido flam\u00ea, possui um toque agrad\u00e1vel proporcionando conforto \u00fanico. Uma pe\u00e7a para adicionar aos dias de lazer em perfeita combina\u00e7\u00e3o com bermudas.<\/div>\n<div class=\"composition\">100% algod\u00e3o<\/div>\n","protected":false},"excerpt":{"rendered":"<p>Bata manga longa modelagem COMFORT FIT, mais reta e soltinha. Puro algod\u00e3o fio 60. Confeccionada em tecido flam\u00ea, possui um toque agrad\u00e1vel proporcionando conforto \u00fanico. Uma pe\u00e7a para adicionar aos dias de lazer em perfeita combina\u00e7\u00e3o com bermudas. 100% algod\u00e3o<\/p>\n","protected":false},"featured_media":856,"comment_status":"open","ping_status":"closed","template":"","meta":[],"product_brand":[],"product_cat":[174],"product_tag":[],"class_list":{"0":"post-855","1":"product","2":"type-product","3":"status-publish","4":"has-post-thumbnail","6":"product_cat-bata","8":"entry","9":"has-media","11":"first","12":"instock","13":"taxable","14":"shipping-taxable","15":"purchasable","16":"product-type-variable","17":"has-product-nav","18":"col","19":"span_1_of_4","20":"owp-content-center","21":"owp-thumbs-layout-horizontal","22":"owp-btn-normal","23":"owp-tabs-layout-horizontal"},"_links":{"self":[{"href":"https:\/\/labs.sheiksites.com\/lojapro\/wp-json\/wp\/v2\/product\/855","targetHints":{"allow":["GET"]}}],"collection":[{"href":"https:\/\/labs.sheiksites.com\/lojapro\/wp-json\/wp\/v2\/product"}],"about":[{"href":"https:\/\/labs.sheiksites.com\/lojapro\/wp-json\/wp\/v2\/types\/product"}],"replies":[{"embeddable":true,"href":"https:\/\/labs.sheiksites.com\/lojapro\/wp-json\/wp\/v2\/comments?post=855"}],"wp:featuredmedia":[{"embeddable":true,"href":"https:\/\/labs.sheiksites.com\/lojapro\/wp-json\/wp\/v2\/media\/856"}],"wp:attachment":[{"href":"https:\/\/labs.sheiksites.com\/lojapro\/wp-json\/wp\/v2\/media?parent=855"}],"wp:term":[{"taxonomy":"product_brand","embeddable":true,"href":"https:\/\/labs.sheiksites.com\/lojapro\/wp-json\/wp\/v2\/product_brand?post=855"},{"taxonomy":"product_cat","embeddable":true,"href":"https:\/\/labs.sheiksites.com\/lojapro\/wp-json\/wp\/v2\/product_cat?post=855"},{"taxonomy":"product_tag","embeddable":true,"href":"https:\/\/labs.sheiksites.com\/lojapro\/wp-json\/wp\/v2\/product_tag?post=855"}],"curies":[{"name":"wp","href":"https:\/\/api.w.org\/{rel}","templated":true}]}}