{"id":860,"date":"2021-11-26T11:08:53","date_gmt":"2021-11-26T14:08:53","guid":{"rendered":"https:\/\/labs.sheiksites.com\/lojapro\/?post_type=product&#038;p=860"},"modified":"2021-12-09T13:56:20","modified_gmt":"2021-12-09T16:56:20","slug":"camiseta-basica-gola-redonda-lisa-branca","status":"publish","type":"product","link":"https:\/\/labs.sheiksites.com\/lojapro\/produto\/camiseta-basica-gola-redonda-lisa-branca\/","title":{"rendered":"CAMISETA B\u00c1SICA GOLA REDONDA LISA BRANCA"},"content":{"rendered":"<div class=\"description\">Com design minimalista, essa camiseta \u00e9 a base da sua marca e a pe\u00e7a chave do arm\u00e1rio de todo homem. Modelagem regular, traz a versatilidade do b\u00e1sico para compor looks casuais. Fio 30, algod\u00e3o penteado, gola redonda. Refor\u00e7o ombro a ombro.<\/div>\n<div class=\"composition\">100% algod\u00e3o<\/div>\n","protected":false},"excerpt":{"rendered":"<p>Com design minimalista, essa camiseta \u00e9 a base da sua marca e a pe\u00e7a chave do arm\u00e1rio de todo homem. Modelagem regular, traz a versatilidade do b\u00e1sico para compor looks casuais. Fio 30, algod\u00e3o penteado, gola redonda. Refor\u00e7o ombro a ombro. 100% algod\u00e3o<\/p>\n","protected":false},"featured_media":861,"comment_status":"open","ping_status":"closed","template":"","meta":[],"product_brand":[],"product_cat":[15],"product_tag":[],"class_list":{"0":"post-860","1":"product","2":"type-product","3":"status-publish","4":"has-post-thumbnail","6":"product_cat-camiseta","8":"entry","9":"has-media","11":"first","12":"instock","13":"taxable","14":"shipping-taxable","15":"purchasable","16":"product-type-variable","17":"has-product-nav","18":"col","19":"span_1_of_4","20":"owp-content-center","21":"owp-thumbs-layout-horizontal","22":"owp-btn-normal","23":"owp-tabs-layout-horizontal"},"_links":{"self":[{"href":"https:\/\/labs.sheiksites.com\/lojapro\/wp-json\/wp\/v2\/product\/860","targetHints":{"allow":["GET"]}}],"collection":[{"href":"https:\/\/labs.sheiksites.com\/lojapro\/wp-json\/wp\/v2\/product"}],"about":[{"href":"https:\/\/labs.sheiksites.com\/lojapro\/wp-json\/wp\/v2\/types\/product"}],"replies":[{"embeddable":true,"href":"https:\/\/labs.sheiksites.com\/lojapro\/wp-json\/wp\/v2\/comments?post=860"}],"wp:featuredmedia":[{"embeddable":true,"href":"https:\/\/labs.sheiksites.com\/lojapro\/wp-json\/wp\/v2\/media\/861"}],"wp:attachment":[{"href":"https:\/\/labs.sheiksites.com\/lojapro\/wp-json\/wp\/v2\/media?parent=860"}],"wp:term":[{"taxonomy":"product_brand","embeddable":true,"href":"https:\/\/labs.sheiksites.com\/lojapro\/wp-json\/wp\/v2\/product_brand?post=860"},{"taxonomy":"product_cat","embeddable":true,"href":"https:\/\/labs.sheiksites.com\/lojapro\/wp-json\/wp\/v2\/product_cat?post=860"},{"taxonomy":"product_tag","embeddable":true,"href":"https:\/\/labs.sheiksites.com\/lojapro\/wp-json\/wp\/v2\/product_tag?post=860"}],"curies":[{"name":"wp","href":"https:\/\/api.w.org\/{rel}","templated":true}]}}