{"id":866,"date":"2021-11-26T11:11:44","date_gmt":"2021-11-26T14:11:44","guid":{"rendered":"https:\/\/labs.sheiksites.com\/lojapro\/?post_type=product&#038;p=866"},"modified":"2021-12-09T14:10:39","modified_gmt":"2021-12-09T17:10:39","slug":"calca-alfaiataria-casual-sarja-com-elastano-areia","status":"publish","type":"product","link":"https:\/\/labs.sheiksites.com\/lojapro\/produto\/calca-alfaiataria-casual-sarja-com-elastano-areia\/","title":{"rendered":"CAL\u00c7A ALFAIATARIA CASUAL SARJA COM ELASTANO AREIA"},"content":{"rendered":"<div class=\"description\">Cal\u00e7a de SARJA, COM ELASTANO, conforto com acabamento peletizado. N\u00e3o forma peeling e \u00e9 suave ao toque. Bolso faca e acabamento interno com t\u00e9cnicas de alfaiataria. Cal\u00e7a essencial para um look urbano, com polo ou camisa manga longa. Campe\u00e3 de vendas!<\/div>\n<div class=\"composition\">98% algod\u00e3o 2% elastano<\/div>\n","protected":false},"excerpt":{"rendered":"<p>Cal\u00e7a de SARJA, COM ELASTANO, conforto com acabamento peletizado. N\u00e3o forma peeling e \u00e9 suave ao toque. Bolso faca e acabamento interno com t\u00e9cnicas de alfaiataria. Cal\u00e7a essencial para um look urbano, com polo ou camisa manga longa. Campe\u00e3 de vendas! 98% algod\u00e3o 2% elastano<\/p>\n","protected":false},"featured_media":867,"comment_status":"open","ping_status":"closed","template":"","meta":[],"product_brand":[],"product_cat":[172],"product_tag":[],"class_list":{"0":"post-866","1":"product","2":"type-product","3":"status-publish","4":"has-post-thumbnail","6":"product_cat-calca","8":"entry","9":"has-media","11":"first","12":"instock","13":"taxable","14":"shipping-taxable","15":"purchasable","16":"product-type-variable","17":"has-product-nav","18":"col","19":"span_1_of_4","20":"owp-content-center","21":"owp-thumbs-layout-horizontal","22":"owp-btn-normal","23":"owp-tabs-layout-horizontal"},"_links":{"self":[{"href":"https:\/\/labs.sheiksites.com\/lojapro\/wp-json\/wp\/v2\/product\/866","targetHints":{"allow":["GET"]}}],"collection":[{"href":"https:\/\/labs.sheiksites.com\/lojapro\/wp-json\/wp\/v2\/product"}],"about":[{"href":"https:\/\/labs.sheiksites.com\/lojapro\/wp-json\/wp\/v2\/types\/product"}],"replies":[{"embeddable":true,"href":"https:\/\/labs.sheiksites.com\/lojapro\/wp-json\/wp\/v2\/comments?post=866"}],"wp:featuredmedia":[{"embeddable":true,"href":"https:\/\/labs.sheiksites.com\/lojapro\/wp-json\/wp\/v2\/media\/867"}],"wp:attachment":[{"href":"https:\/\/labs.sheiksites.com\/lojapro\/wp-json\/wp\/v2\/media?parent=866"}],"wp:term":[{"taxonomy":"product_brand","embeddable":true,"href":"https:\/\/labs.sheiksites.com\/lojapro\/wp-json\/wp\/v2\/product_brand?post=866"},{"taxonomy":"product_cat","embeddable":true,"href":"https:\/\/labs.sheiksites.com\/lojapro\/wp-json\/wp\/v2\/product_cat?post=866"},{"taxonomy":"product_tag","embeddable":true,"href":"https:\/\/labs.sheiksites.com\/lojapro\/wp-json\/wp\/v2\/product_tag?post=866"}],"curies":[{"name":"wp","href":"https:\/\/api.w.org\/{rel}","templated":true}]}}