{"id":872,"date":"2021-11-26T11:14:50","date_gmt":"2021-11-26T14:14:50","guid":{"rendered":"https:\/\/labs.sheiksites.com\/lojapro\/?post_type=product&#038;p=872"},"modified":"2021-12-09T13:43:40","modified_gmt":"2021-12-09T16:43:40","slug":"bermuda-moletom-preto","status":"publish","type":"product","link":"https:\/\/labs.sheiksites.com\/lojapro\/produto\/bermuda-moletom-preto\/","title":{"rendered":"BERMUDA MOLETOM PRETO"},"content":{"rendered":"<div class=\"description\">Bermuda de moletom exclusiva, produzida com algod\u00e3o de toque super confort\u00e1vel. B\u00e1sica, casual e com uma modelagem que se ajusta de forma agrad\u00e1vel a todos os formatos de corpo. Cintura em ribanas e recortes em tecido contrastante d\u00e3o charme extra\u00a0a pe\u00e7a<\/div>\n<div class=\"composition\">65% algod\u00e3o 35% poli\u00e9ster<\/div>\n","protected":false},"excerpt":{"rendered":"<p>Bermuda de moletom exclusiva, produzida com algod\u00e3o de toque super confort\u00e1vel. B\u00e1sica, casual e com uma modelagem que se ajusta de forma agrad\u00e1vel a todos os formatos de corpo. Cintura em ribanas e recortes em tecido contrastante d\u00e3o charme extra\u00a0a pe\u00e7a 65% algod\u00e3o 35% poli\u00e9ster<\/p>\n","protected":false},"featured_media":873,"comment_status":"open","ping_status":"closed","template":"","meta":[],"product_brand":[],"product_cat":[173],"product_tag":[],"class_list":{"0":"post-872","1":"product","2":"type-product","3":"status-publish","4":"has-post-thumbnail","6":"product_cat-bermuda","8":"entry","9":"has-media","11":"first","12":"instock","13":"taxable","14":"shipping-taxable","15":"purchasable","16":"product-type-variable","17":"has-product-nav","18":"col","19":"span_1_of_4","20":"owp-content-center","21":"owp-thumbs-layout-horizontal","22":"owp-btn-normal","23":"owp-tabs-layout-horizontal"},"_links":{"self":[{"href":"https:\/\/labs.sheiksites.com\/lojapro\/wp-json\/wp\/v2\/product\/872","targetHints":{"allow":["GET"]}}],"collection":[{"href":"https:\/\/labs.sheiksites.com\/lojapro\/wp-json\/wp\/v2\/product"}],"about":[{"href":"https:\/\/labs.sheiksites.com\/lojapro\/wp-json\/wp\/v2\/types\/product"}],"replies":[{"embeddable":true,"href":"https:\/\/labs.sheiksites.com\/lojapro\/wp-json\/wp\/v2\/comments?post=872"}],"wp:featuredmedia":[{"embeddable":true,"href":"https:\/\/labs.sheiksites.com\/lojapro\/wp-json\/wp\/v2\/media\/873"}],"wp:attachment":[{"href":"https:\/\/labs.sheiksites.com\/lojapro\/wp-json\/wp\/v2\/media?parent=872"}],"wp:term":[{"taxonomy":"product_brand","embeddable":true,"href":"https:\/\/labs.sheiksites.com\/lojapro\/wp-json\/wp\/v2\/product_brand?post=872"},{"taxonomy":"product_cat","embeddable":true,"href":"https:\/\/labs.sheiksites.com\/lojapro\/wp-json\/wp\/v2\/product_cat?post=872"},{"taxonomy":"product_tag","embeddable":true,"href":"https:\/\/labs.sheiksites.com\/lojapro\/wp-json\/wp\/v2\/product_tag?post=872"}],"curies":[{"name":"wp","href":"https:\/\/api.w.org\/{rel}","templated":true}]}}