{"id":877,"date":"2021-11-26T11:18:40","date_gmt":"2021-11-26T14:18:40","guid":{"rendered":"https:\/\/labs.sheiksites.com\/lojapro\/?post_type=product&#038;p=877"},"modified":"2021-11-26T16:09:13","modified_gmt":"2021-11-26T19:09:13","slug":"camiseta-basica-gola-redonda-lisa-plus-preta","status":"publish","type":"product","link":"https:\/\/labs.sheiksites.com\/lojapro\/produto\/camiseta-basica-gola-redonda-lisa-plus-preta\/","title":{"rendered":"CAMISETA B\u00c1SICA GOLA REDONDA LISA PLUS PRETA"},"content":{"rendered":"<div class=\"description\">Camiseta b\u00e1sica plus size, conforto para tamanhos maiores. Feita em malha 100% algod\u00e3o, com toque macio. Vers\u00e1til, combina com tudo, pe\u00e7a indispens\u00e1vel no guarda-roupa masculino.<\/div>\n<div class=\"composition\">100% algod\u00e3o<\/div>\n","protected":false},"excerpt":{"rendered":"<p>Camiseta b\u00e1sica plus size, conforto para tamanhos maiores. Feita em malha 100% algod\u00e3o, com toque macio. Vers\u00e1til, combina com tudo, pe\u00e7a indispens\u00e1vel no guarda-roupa masculino. 100% algod\u00e3o<\/p>\n","protected":false},"featured_media":878,"comment_status":"open","ping_status":"closed","template":"","meta":[],"product_brand":[],"product_cat":[15],"product_tag":[],"class_list":{"0":"post-877","1":"product","2":"type-product","3":"status-publish","4":"has-post-thumbnail","6":"product_cat-camiseta","8":"entry","9":"has-media","11":"first","12":"instock","13":"taxable","14":"shipping-taxable","15":"purchasable","16":"product-type-variable","17":"has-product-nav","18":"col","19":"span_1_of_4","20":"owp-content-center","21":"owp-thumbs-layout-horizontal","22":"owp-btn-normal","23":"owp-tabs-layout-horizontal"},"_links":{"self":[{"href":"https:\/\/labs.sheiksites.com\/lojapro\/wp-json\/wp\/v2\/product\/877","targetHints":{"allow":["GET"]}}],"collection":[{"href":"https:\/\/labs.sheiksites.com\/lojapro\/wp-json\/wp\/v2\/product"}],"about":[{"href":"https:\/\/labs.sheiksites.com\/lojapro\/wp-json\/wp\/v2\/types\/product"}],"replies":[{"embeddable":true,"href":"https:\/\/labs.sheiksites.com\/lojapro\/wp-json\/wp\/v2\/comments?post=877"}],"wp:featuredmedia":[{"embeddable":true,"href":"https:\/\/labs.sheiksites.com\/lojapro\/wp-json\/wp\/v2\/media\/878"}],"wp:attachment":[{"href":"https:\/\/labs.sheiksites.com\/lojapro\/wp-json\/wp\/v2\/media?parent=877"}],"wp:term":[{"taxonomy":"product_brand","embeddable":true,"href":"https:\/\/labs.sheiksites.com\/lojapro\/wp-json\/wp\/v2\/product_brand?post=877"},{"taxonomy":"product_cat","embeddable":true,"href":"https:\/\/labs.sheiksites.com\/lojapro\/wp-json\/wp\/v2\/product_cat?post=877"},{"taxonomy":"product_tag","embeddable":true,"href":"https:\/\/labs.sheiksites.com\/lojapro\/wp-json\/wp\/v2\/product_tag?post=877"}],"curies":[{"name":"wp","href":"https:\/\/api.w.org\/{rel}","templated":true}]}}