{"id":895,"date":"2021-11-26T11:25:58","date_gmt":"2021-11-26T14:25:58","guid":{"rendered":"https:\/\/labs.sheiksites.com\/lojapro\/?post_type=product&#038;p=895"},"modified":"2021-11-26T16:11:09","modified_gmt":"2021-11-26T19:11:09","slug":"camisa-manga-longa-slim-fit-basica-preta","status":"publish","type":"product","link":"https:\/\/labs.sheiksites.com\/lojapro\/produto\/camisa-manga-longa-slim-fit-basica-preta\/","title":{"rendered":"CAMISA MANGA LONGA SLIM FIT B\u00c1SICA PRETA"},"content":{"rendered":"<div class=\"description\">Camisa manga longa modelagem SLIM FIT, levemente ajustada ao corpo. Campe\u00e3 de vendas, essa camisa \u00e9 a base da sua marca e pe\u00e7a chave no arm\u00e1rio de todo homem. Traz a versatilidade do b\u00e1sico no dia a dia para compor os melhores looks casuais.<\/div>\n<div class=\"composition\">100% algod\u00e3o<\/div>\n","protected":false},"excerpt":{"rendered":"<p>Camisa manga longa modelagem SLIM FIT, levemente ajustada ao corpo. Campe\u00e3 de vendas, essa camisa \u00e9 a base da sua marca e pe\u00e7a chave no arm\u00e1rio de todo homem. Traz a versatilidade do b\u00e1sico no dia a dia para compor os melhores looks casuais. 100% algod\u00e3o<\/p>\n","protected":false},"featured_media":896,"comment_status":"open","ping_status":"closed","template":"","meta":[],"product_brand":[],"product_cat":[171],"product_tag":[],"class_list":{"0":"post-895","1":"product","2":"type-product","3":"status-publish","4":"has-post-thumbnail","6":"product_cat-camisa","8":"entry","9":"has-media","11":"first","12":"instock","13":"taxable","14":"shipping-taxable","15":"purchasable","16":"product-type-variable","17":"has-product-nav","18":"col","19":"span_1_of_4","20":"owp-content-center","21":"owp-thumbs-layout-horizontal","22":"owp-btn-normal","23":"owp-tabs-layout-horizontal"},"_links":{"self":[{"href":"https:\/\/labs.sheiksites.com\/lojapro\/wp-json\/wp\/v2\/product\/895","targetHints":{"allow":["GET"]}}],"collection":[{"href":"https:\/\/labs.sheiksites.com\/lojapro\/wp-json\/wp\/v2\/product"}],"about":[{"href":"https:\/\/labs.sheiksites.com\/lojapro\/wp-json\/wp\/v2\/types\/product"}],"replies":[{"embeddable":true,"href":"https:\/\/labs.sheiksites.com\/lojapro\/wp-json\/wp\/v2\/comments?post=895"}],"wp:featuredmedia":[{"embeddable":true,"href":"https:\/\/labs.sheiksites.com\/lojapro\/wp-json\/wp\/v2\/media\/896"}],"wp:attachment":[{"href":"https:\/\/labs.sheiksites.com\/lojapro\/wp-json\/wp\/v2\/media?parent=895"}],"wp:term":[{"taxonomy":"product_brand","embeddable":true,"href":"https:\/\/labs.sheiksites.com\/lojapro\/wp-json\/wp\/v2\/product_brand?post=895"},{"taxonomy":"product_cat","embeddable":true,"href":"https:\/\/labs.sheiksites.com\/lojapro\/wp-json\/wp\/v2\/product_cat?post=895"},{"taxonomy":"product_tag","embeddable":true,"href":"https:\/\/labs.sheiksites.com\/lojapro\/wp-json\/wp\/v2\/product_tag?post=895"}],"curies":[{"name":"wp","href":"https:\/\/api.w.org\/{rel}","templated":true}]}}