{"id":901,"date":"2021-11-26T11:27:33","date_gmt":"2021-11-26T14:27:33","guid":{"rendered":"https:\/\/labs.sheiksites.com\/lojapro\/?post_type=product&#038;p=901"},"modified":"2021-11-26T15:56:29","modified_gmt":"2021-11-26T18:56:29","slug":"bermuda-masculina-sarja-com-elastano-lisa-branca","status":"publish","type":"product","link":"https:\/\/labs.sheiksites.com\/lojapro\/produto\/bermuda-masculina-sarja-com-elastano-lisa-branca\/","title":{"rendered":"BERMUDA MASCULINA SARJA COM ELASTANO LISA BRANCA"},"content":{"rendered":"<div class=\"description\">B\u00e1sica essencial, veste todos os estilos. Tem modelagem e acabamento de alfaiataria casual, perfeita para manter a eleg\u00e2ncia nos momentos mais descontra\u00eddos. Curinga, vai bem com camisaria, camisetas e polos e traz conforto m\u00e1ximo para os dias de lazer!<\/div>\n<div class=\"composition\">98% algod\u00e3o 2% elastano<\/div>\n","protected":false},"excerpt":{"rendered":"<p>B\u00e1sica essencial, veste todos os estilos. Tem modelagem e acabamento de alfaiataria casual, perfeita para manter a eleg\u00e2ncia nos momentos mais descontra\u00eddos. Curinga, vai bem com camisaria, camisetas e polos e traz conforto m\u00e1ximo para os dias de lazer! 98% algod\u00e3o 2% elastano<\/p>\n","protected":false},"featured_media":904,"comment_status":"open","ping_status":"closed","template":"","meta":[],"product_brand":[],"product_cat":[173],"product_tag":[],"class_list":{"0":"post-901","1":"product","2":"type-product","3":"status-publish","4":"has-post-thumbnail","6":"product_cat-bermuda","8":"entry","9":"has-media","11":"first","12":"instock","13":"taxable","14":"shipping-taxable","15":"purchasable","16":"product-type-variable","17":"has-product-nav","18":"col","19":"span_1_of_4","20":"owp-content-center","21":"owp-thumbs-layout-horizontal","22":"owp-btn-normal","23":"owp-tabs-layout-horizontal"},"_links":{"self":[{"href":"https:\/\/labs.sheiksites.com\/lojapro\/wp-json\/wp\/v2\/product\/901","targetHints":{"allow":["GET"]}}],"collection":[{"href":"https:\/\/labs.sheiksites.com\/lojapro\/wp-json\/wp\/v2\/product"}],"about":[{"href":"https:\/\/labs.sheiksites.com\/lojapro\/wp-json\/wp\/v2\/types\/product"}],"replies":[{"embeddable":true,"href":"https:\/\/labs.sheiksites.com\/lojapro\/wp-json\/wp\/v2\/comments?post=901"}],"wp:featuredmedia":[{"embeddable":true,"href":"https:\/\/labs.sheiksites.com\/lojapro\/wp-json\/wp\/v2\/media\/904"}],"wp:attachment":[{"href":"https:\/\/labs.sheiksites.com\/lojapro\/wp-json\/wp\/v2\/media?parent=901"}],"wp:term":[{"taxonomy":"product_brand","embeddable":true,"href":"https:\/\/labs.sheiksites.com\/lojapro\/wp-json\/wp\/v2\/product_brand?post=901"},{"taxonomy":"product_cat","embeddable":true,"href":"https:\/\/labs.sheiksites.com\/lojapro\/wp-json\/wp\/v2\/product_cat?post=901"},{"taxonomy":"product_tag","embeddable":true,"href":"https:\/\/labs.sheiksites.com\/lojapro\/wp-json\/wp\/v2\/product_tag?post=901"}],"curies":[{"name":"wp","href":"https:\/\/api.w.org\/{rel}","templated":true}]}}